{"id":4406,"date":"2023-02-01T16:17:54","date_gmt":"2023-02-01T16:17:54","guid":{"rendered":"http:\/\/ondamatica.com\/wp\/?post_type=product&#038;p=4406"},"modified":"2023-02-08T17:16:33","modified_gmt":"2023-02-08T17:16:33","slug":"funda-de-piel-con-magsafe-lisa-para-iphone-14-pro-azul-mujjo","status":"publish","type":"product","link":"https:\/\/ondamatica.com\/wp\/producto\/funda-de-piel-con-magsafe-lisa-para-iphone-14-pro-azul-mujjo\/","title":{"rendered":"Funda de Piel con Magsafe lisa para Iphone  14 Pro Azul Mujjo"},"content":{"rendered":"<p>Cada funda de Mujjo para iPhone 14 Pro es \u00fanica debido a una cuidada selecci\u00f3n de pieles naturales. Ahora adem\u00e1s con botones en acabado met\u00e1lico y compatiblidad perfecta con MagSafe.<\/p>\n","protected":false},"excerpt":{"rendered":"<p>Cada funda de Mujjo para iPhone 14 Pro es \u00fanica debido a una cuidada selecci\u00f3n de pieles naturales. Ahora adem\u00e1s con botones en acabado met\u00e1lico y compatiblidad perfecta con MagSafe.<\/p>\n","protected":false},"featured_media":4409,"comment_status":"closed","ping_status":"closed","template":"","meta":[],"_links":{"self":[{"href":"https:\/\/ondamatica.com\/wp\/wp-json\/wp\/v2\/product\/4406"}],"collection":[{"href":"https:\/\/ondamatica.com\/wp\/wp-json\/wp\/v2\/product"}],"about":[{"href":"https:\/\/ondamatica.com\/wp\/wp-json\/wp\/v2\/types\/product"}],"replies":[{"embeddable":true,"href":"https:\/\/ondamatica.com\/wp\/wp-json\/wp\/v2\/comments?post=4406"}],"wp:featuredmedia":[{"embeddable":true,"href":"https:\/\/ondamatica.com\/wp\/wp-json\/wp\/v2\/media\/4409"}],"wp:attachment":[{"href":"https:\/\/ondamatica.com\/wp\/wp-json\/wp\/v2\/media?parent=4406"}],"curies":[{"name":"wp","href":"https:\/\/api.w.org\/{rel}","templated":true}]}}