{"id":4361,"date":"2022-06-01T09:24:23","date_gmt":"2022-06-01T09:24:23","guid":{"rendered":"http:\/\/ondamatica.com\/wp\/?post_type=product&#038;p=4361"},"modified":"2022-06-02T08:31:29","modified_gmt":"2022-06-02T08:31:29","slug":"cargador-doble-de-coche-con-suministro-de-energia-usb-c-60w","status":"publish","type":"product","link":"https:\/\/ondamatica.com\/wp\/producto\/cargador-doble-de-coche-con-suministro-de-energia-usb-c-60w\/","title":{"rendered":"Cargador doble de coche con suministro de energia USB-C 60W"},"content":{"rendered":"<ul>\n<li><span>Este cargador tambi\u00e9n es compatible con versiones anteriores para alimentar cualquier dispositivo USB-C est\u00e1ndar.<\/span><\/li>\n<li><span>Nuestro cargador r\u00e1pido para autom\u00f3vil USB-C de 2 puertos es peque\u00f1o y cabe dentro de la mayor\u00eda de las tomas de corrientes de 12 V de los veh\u00edculos.<\/span><\/li>\n<li><span>El indicador LED azul le permite saber que est\u00e1 recibiendo energ\u00eda y est\u00e1 listo para cargar tus dispositivos.<\/span><\/li>\n<li><span>El circuito incorporado protege su dispositivo de sobrealimentaci\u00f3n y sobrecalentamiento y es completamente seguro para dispositivos menos potentes.<\/span><\/li>\n<li><span>Recomendamos usar un cable USB-C compatible con alimentaci\u00f3n r\u00e1pida para lograr las tasas de alimentaci\u00f3n m\u00e1s r\u00e1pidas.<\/span><\/li>\n<li><span>Funciona con todos los iPhone 13 Pro Max, 13 Pro, 13, 12, 12 Pro, 11 Pro, 11, XS Max, XS, XR, X, Macbook de 60 W, dispositivos PPS y la mayor\u00eda de los dem\u00e1s dispositivos USB tipo C<\/span><\/li>\n<li><span>Incluye soporte t\u00e9cnico de por vida y una garant\u00eda de 3 a\u00f1os<\/span><\/li>\n<\/ul>\n","protected":false},"excerpt":{"rendered":"<p>El Cargador doble de coche con suministro de energ\u00eda USB-C 60W de Scosche es la soluci\u00f3n definitiva para alimentar los dispositivos actuales compatibles con USB-C o PPS, lo que significa menos tiempo conectado a su dispositivo de alimentaci\u00f3n y m\u00e1s movilidad para ti.<\/p>\n","protected":false},"featured_media":4362,"comment_status":"closed","ping_status":"closed","template":"","meta":[],"_links":{"self":[{"href":"https:\/\/ondamatica.com\/wp\/wp-json\/wp\/v2\/product\/4361"}],"collection":[{"href":"https:\/\/ondamatica.com\/wp\/wp-json\/wp\/v2\/product"}],"about":[{"href":"https:\/\/ondamatica.com\/wp\/wp-json\/wp\/v2\/types\/product"}],"replies":[{"embeddable":true,"href":"https:\/\/ondamatica.com\/wp\/wp-json\/wp\/v2\/comments?post=4361"}],"wp:featuredmedia":[{"embeddable":true,"href":"https:\/\/ondamatica.com\/wp\/wp-json\/wp\/v2\/media\/4362"}],"wp:attachment":[{"href":"https:\/\/ondamatica.com\/wp\/wp-json\/wp\/v2\/media?parent=4361"}],"curies":[{"name":"wp","href":"https:\/\/api.w.org\/{rel}","templated":true}]}}