{"id":4161,"date":"2022-04-13T15:49:24","date_gmt":"2022-04-13T15:49:24","guid":{"rendered":"http:\/\/ondamatica.com\/?post_type=product&#038;p=4161"},"modified":"2022-04-13T15:49:24","modified_gmt":"2022-04-13T15:49:24","slug":"bateria-externa-negra-de-6000mah","status":"publish","type":"product","link":"https:\/\/ondamatica.com\/wp\/producto\/bateria-externa-negra-de-6000mah\/","title":{"rendered":"Bateria externa Negra de 6000mAh"},"content":{"rendered":"","protected":false},"excerpt":{"rendered":"<p>&nbsp;<\/p>\n<ul>\n<li><span class=\"a-list-item\"> Bater\u00eda recargable de iones de litio con capacidad de bater\u00eda de 6.000 mAh para alimentar tel\u00e9fonos inteligentes, relojes inteligentes y tabletas <\/span><\/li>\n<li><span class=\"a-list-item\"> Dise\u00f1ado con una forma suave y f\u00e1cil de empaquetar. <\/span><\/li>\n<li><span class=\"a-list-item\"> Dise\u00f1o f\u00e1cil de transportar. <\/span><\/li>\n<li><span class=\"a-list-item\"> Indicador de alimentaci\u00f3n LED integrado muestra la capacidad de carga restante de la bater\u00eda. <\/span><\/li>\n<li><span class=\"a-list-item\"> Incluye cable de carga micro USB. <\/span><\/li>\n<\/ul>\n<p>&nbsp;<\/p>\n","protected":false},"featured_media":4162,"comment_status":"closed","ping_status":"closed","template":"","meta":[],"_links":{"self":[{"href":"https:\/\/ondamatica.com\/wp\/wp-json\/wp\/v2\/product\/4161"}],"collection":[{"href":"https:\/\/ondamatica.com\/wp\/wp-json\/wp\/v2\/product"}],"about":[{"href":"https:\/\/ondamatica.com\/wp\/wp-json\/wp\/v2\/types\/product"}],"replies":[{"embeddable":true,"href":"https:\/\/ondamatica.com\/wp\/wp-json\/wp\/v2\/comments?post=4161"}],"wp:featuredmedia":[{"embeddable":true,"href":"https:\/\/ondamatica.com\/wp\/wp-json\/wp\/v2\/media\/4162"}],"wp:attachment":[{"href":"https:\/\/ondamatica.com\/wp\/wp-json\/wp\/v2\/media?parent=4161"}],"curies":[{"name":"wp","href":"https:\/\/api.w.org\/{rel}","templated":true}]}}