{"id":4137,"date":"2022-04-05T11:43:10","date_gmt":"2022-04-05T11:43:10","guid":{"rendered":"http:\/\/ondamatica.com\/?post_type=product&#038;p=4137"},"modified":"2022-04-06T07:06:35","modified_gmt":"2022-04-06T07:06:35","slug":"hd-externo-toshiba-1-tb","status":"publish","type":"product","link":"https:\/\/ondamatica.com\/wp\/producto\/hd-externo-toshiba-1-tb\/","title":{"rendered":"HD Externo Toshiba 1 TB"},"content":{"rendered":"<p>Con la gama Canvio Basics de Toshiba transferir\u00e1s tus archivos favoritos de manera r\u00e1pida con la tecnolog\u00eda SuperSpeed USB 3.0. Dispone de una capacidad de almacenamiento de 1 TB. Una de las mayores ventajas es que no requiere la instalaci\u00f3n de ning\u00fan software, con el que ser\u00e1 mucho m\u00e1s f\u00e1cil almacenar tus archivos favoritos. Compatible con MAC y Microsoft Windows.<\/p>\n","protected":false},"excerpt":{"rendered":"<p>1000 GB 2,5\u2033 HDD EXTERNO, ESATA\u00a05.0GB\/S USB 3.2 Gen. 1 (3.1 Gen 1), COLOR NEGRO.<\/p>\n","protected":false},"featured_media":4138,"comment_status":"closed","ping_status":"closed","template":"","meta":[],"_links":{"self":[{"href":"https:\/\/ondamatica.com\/wp\/wp-json\/wp\/v2\/product\/4137"}],"collection":[{"href":"https:\/\/ondamatica.com\/wp\/wp-json\/wp\/v2\/product"}],"about":[{"href":"https:\/\/ondamatica.com\/wp\/wp-json\/wp\/v2\/types\/product"}],"replies":[{"embeddable":true,"href":"https:\/\/ondamatica.com\/wp\/wp-json\/wp\/v2\/comments?post=4137"}],"wp:featuredmedia":[{"embeddable":true,"href":"https:\/\/ondamatica.com\/wp\/wp-json\/wp\/v2\/media\/4138"}],"wp:attachment":[{"href":"https:\/\/ondamatica.com\/wp\/wp-json\/wp\/v2\/media?parent=4137"}],"curies":[{"name":"wp","href":"https:\/\/api.w.org\/{rel}","templated":true}]}}