{"id":3893,"date":"2022-01-27T09:18:40","date_gmt":"2022-01-27T09:18:40","guid":{"rendered":"http:\/\/ondamatica.com\/producto\/funda-facet-sleeve-de-tela-recyclada-para-mcbook-pro-14-2021-azul-marina\/"},"modified":"2022-01-31T12:15:40","modified_gmt":"2022-01-31T12:15:40","slug":"funda-facet-sleeve-de-tela-recyclada-para-mcbook-pro-14-2021-azul-marina","status":"publish","type":"product","link":"https:\/\/ondamatica.com\/wp\/producto\/funda-facet-sleeve-de-tela-recyclada-para-mcbook-pro-14-2021-azul-marina\/","title":{"rendered":"Funda Facet Sleeve de tela reciclada para MacBook Pro 14&#8243;\u00a0 2021 Azul Marina"},"content":{"rendered":"<p><strong>Caracter\u00edsticas:<\/strong><\/p>\n<ul>\n<li>Color: Azul marino.<\/li>\n<li>Exterior reciclado 300D, es duradero e impermeable.<\/li>\n<li>Superficie agradable al tacto.<\/li>\n<li>Acolchado interior que proteger\u00e1 tu MacBook de golpes y rasgu\u00f1os.<\/li>\n<li>La cremallera mantendr\u00e1 tu MacBook seca, ya que la humedad no entrar\u00e1 por ning\u00fan sitio.<\/li>\n<li>En su interior se encuentran dos bolsillos para guardas otros objetos.<\/li>\n<\/ul>\n","protected":false},"excerpt":{"rendered":"<p>Funda color azul marino para tu MacBook Pro de 14&#8243;.<\/p>\n","protected":false},"featured_media":3910,"comment_status":"closed","ping_status":"closed","template":"","meta":[],"_links":{"self":[{"href":"https:\/\/ondamatica.com\/wp\/wp-json\/wp\/v2\/product\/3893"}],"collection":[{"href":"https:\/\/ondamatica.com\/wp\/wp-json\/wp\/v2\/product"}],"about":[{"href":"https:\/\/ondamatica.com\/wp\/wp-json\/wp\/v2\/types\/product"}],"replies":[{"embeddable":true,"href":"https:\/\/ondamatica.com\/wp\/wp-json\/wp\/v2\/comments?post=3893"}],"wp:featuredmedia":[{"embeddable":true,"href":"https:\/\/ondamatica.com\/wp\/wp-json\/wp\/v2\/media\/3910"}],"wp:attachment":[{"href":"https:\/\/ondamatica.com\/wp\/wp-json\/wp\/v2\/media?parent=3893"}],"curies":[{"name":"wp","href":"https:\/\/api.w.org\/{rel}","templated":true}]}}