{"id":3696,"date":"2022-01-11T09:47:46","date_gmt":"2022-01-11T09:47:46","guid":{"rendered":"http:\/\/ondamatica.com\/?post_type=product&#038;p=3696"},"modified":"2022-02-15T09:41:54","modified_gmt":"2022-02-15T09:41:54","slug":"adaptador-de-newer-tech-para-hd-de-2-5-en-ranuras-de-35","status":"publish","type":"product","link":"https:\/\/ondamatica.com\/wp\/producto\/adaptador-de-newer-tech-para-hd-de-2-5-en-ranuras-de-35\/","title":{"rendered":"Adaptador de Newer Tech para\u00a0\u00a0HD de 2.5\u00a0\u00a0en ranuras de 3,5"},"content":{"rendered":"<p><strong>Caracter\u00edsticas:<\/strong><\/p>\n<ul>\n<li>Compatible con todos los discos\/SSD de 2.5, incluidos los \u00faltimos SATA 6Gb\/s SSD.<\/li>\n<li>Instala cualquier unidad de 2,5&#8243; en una bah\u00eda de unidad SATA de 3,5&#8243;.<\/li>\n<li>Dimensiones:\u00a0<strong>(5.8 x 4 x 0.4 in)<\/strong>.<\/li>\n<\/ul>\n<p>&nbsp;<\/p>\n","protected":false},"excerpt":{"rendered":"<p>El AdaptaDrive est\u00e1 construido en aluminio y cuenta con un dise\u00f1o abierto para el m\u00e1ximo flujo de aire para la refrigeraci\u00f3n. Funciona con todos los discos\/SSD de 2.5, incluidos los \u00faltimos SATA 6Gb\/s SSD.<\/p>\n<p>&nbsp;<\/p>\n","protected":false},"featured_media":3697,"comment_status":"closed","ping_status":"closed","template":"","meta":[],"_links":{"self":[{"href":"https:\/\/ondamatica.com\/wp\/wp-json\/wp\/v2\/product\/3696"}],"collection":[{"href":"https:\/\/ondamatica.com\/wp\/wp-json\/wp\/v2\/product"}],"about":[{"href":"https:\/\/ondamatica.com\/wp\/wp-json\/wp\/v2\/types\/product"}],"replies":[{"embeddable":true,"href":"https:\/\/ondamatica.com\/wp\/wp-json\/wp\/v2\/comments?post=3696"}],"wp:featuredmedia":[{"embeddable":true,"href":"https:\/\/ondamatica.com\/wp\/wp-json\/wp\/v2\/media\/3697"}],"wp:attachment":[{"href":"https:\/\/ondamatica.com\/wp\/wp-json\/wp\/v2\/media?parent=3696"}],"curies":[{"name":"wp","href":"https:\/\/api.w.org\/{rel}","templated":true}]}}