{"id":3610,"date":"2021-12-28T08:59:45","date_gmt":"2021-12-28T08:59:45","guid":{"rendered":"http:\/\/ondamatica.com\/?post_type=product&#038;p=3610"},"modified":"2022-02-14T09:22:49","modified_gmt":"2022-02-14T09:22:49","slug":"survivor-endurance-funda-modular-para-ipad-102-negro-caja-marron","status":"publish","type":"product","link":"https:\/\/ondamatica.com\/wp\/producto\/survivor-endurance-funda-modular-para-ipad-102-negro-caja-marron\/","title":{"rendered":"Survivor Endurance funda modular para iPad 10,2&#8243; negro caja marr\u00f3n"},"content":{"rendered":"<p><strong>Caracter\u00edsticas:<\/strong><\/p>\n<ul>\n<li>2X protecci\u00f3n contra ca\u00eddas de grado militar.<\/li>\n<li>Botones y conexiones cubiertos.<\/li>\n<li>Protecci\u00f3n antimicrobiana que elimina y previene las bacterias superficiales.<\/li>\n<li>Soporte para l\u00e1piz apple integrado.<\/li>\n<li>Compatibilidad: iPad 10.2&#8243;<\/li>\n<li><span class=\"Y2IQFc\" lang=\"es\">Compatible con todos los accesorios del ecosistema modular Survivor.<\/span><\/li>\n<\/ul>\n<p><strong>Dimensiones:<\/strong>\u00a0<em>(10.47 in x\u00a07.87 in x 1.26 in).<\/em><\/p>\n<p><strong>Enlace fabricante<\/strong>:<a href=\"https:\/\/getsurvivor.com\/products\/survivor-endurance-2021-for-ipad-10-2-8th-7th-generation\">\u00a0https:\/\/getsurvivor.com\/products\/survivor-endurance-2021-for-ipad-10-2-8th-7th-generation<\/a><\/p>\n","protected":false},"excerpt":{"rendered":"<p id=\"tw-target-text\" class=\"tw-data-text tw-text-large tw-ta\" dir=\"ltr\" data-placeholder=\"Traducci\u00f3n\"><span class=\"Y2IQFc\" lang=\"es\">Cuidadosamente dise\u00f1ado para mantener tu tablet\u00a0<strong>protegida.\u00a0<\/strong><\/span><span class=\"Y2IQFc\" lang=\"es\">La <strong>correa<\/strong> de mano <strong>desmontable\u00a0<\/strong><\/span>y altamente vers\u00e1til, permite una visualizaci\u00f3n vertical y horizontal estable y con manos libres, seguido de un funcionamiento c\u00f3modo y seguro del dispositivo en movimiento.<\/p>\n<p dir=\"ltr\" data-placeholder=\"Traducci\u00f3n\"><strong>V\u00eddeo:<\/strong><\/p>\n<p dir=\"ltr\" data-placeholder=\"Traducci\u00f3n\"><a href=\"https:\/\/www.youtube.com\/watch?v=L5cagQSdc4s\"><img loading=\"lazy\" decoding=\"async\" class=\"alignnone wp-image-3620\" src=\"https:\/\/ondamatica.com\/wp\/wp-content\/uploads\/2021\/12\/Captura-de-pantalla-2021-12-28-a-las-10.26.35.png\" alt=\"\" width=\"245\" height=\"131\" srcset=\"https:\/\/ondamatica.com\/wp\/wp-content\/uploads\/2021\/12\/Captura-de-pantalla-2021-12-28-a-las-10.26.35.png 1817w, https:\/\/ondamatica.com\/wp\/wp-content\/uploads\/2021\/12\/Captura-de-pantalla-2021-12-28-a-las-10.26.35-300x160.png 300w, https:\/\/ondamatica.com\/wp\/wp-content\/uploads\/2021\/12\/Captura-de-pantalla-2021-12-28-a-las-10.26.35-768x411.png 768w, https:\/\/ondamatica.com\/wp\/wp-content\/uploads\/2021\/12\/Captura-de-pantalla-2021-12-28-a-las-10.26.35-1024x548.png 1024w, https:\/\/ondamatica.com\/wp\/wp-content\/uploads\/2021\/12\/Captura-de-pantalla-2021-12-28-a-las-10.26.35-600x321.png 600w\" sizes=\"(max-width: 245px) 100vw, 245px\" \/><\/a><\/p>\n","protected":false},"featured_media":3613,"comment_status":"closed","ping_status":"closed","template":"","meta":[],"_links":{"self":[{"href":"https:\/\/ondamatica.com\/wp\/wp-json\/wp\/v2\/product\/3610"}],"collection":[{"href":"https:\/\/ondamatica.com\/wp\/wp-json\/wp\/v2\/product"}],"about":[{"href":"https:\/\/ondamatica.com\/wp\/wp-json\/wp\/v2\/types\/product"}],"replies":[{"embeddable":true,"href":"https:\/\/ondamatica.com\/wp\/wp-json\/wp\/v2\/comments?post=3610"}],"wp:featuredmedia":[{"embeddable":true,"href":"https:\/\/ondamatica.com\/wp\/wp-json\/wp\/v2\/media\/3613"}],"wp:attachment":[{"href":"https:\/\/ondamatica.com\/wp\/wp-json\/wp\/v2\/media?parent=3610"}],"curies":[{"name":"wp","href":"https:\/\/api.w.org\/{rel}","templated":true}]}}