{"id":3512,"date":"2021-11-17T08:59:12","date_gmt":"2021-11-17T08:59:12","guid":{"rendered":"http:\/\/ondamatica.com\/?post_type=product&#038;p=3512"},"modified":"2021-12-29T15:33:09","modified_gmt":"2021-12-29T15:33:09","slug":"funda-de-piel-para-iphone-13-pro-max-marron","status":"publish","type":"product","link":"https:\/\/ondamatica.com\/wp\/producto\/funda-de-piel-para-iphone-13-pro-max-marron\/","title":{"rendered":"Funda de piel MUJJO para iPhone 13 Pro Max &#8211; Marr\u00f3n"},"content":{"rendered":"<ul>\n<li>Ha sido fabricado con cuero de curtido vegetal de gran calidad.<\/li>\n<li>El tope de la pantalla frontal y la c\u00e1mara trasera se ha elevado para evitar roturas a causa de las ca\u00eddas.<\/li>\n<li>La carga inal\u00e1mbrica funciona sin ning\u00fan tipo de problema, pero <strong>NO <\/strong>es<strong> COMPATIBLE <\/strong>con<strong> MagSafe.<\/strong><\/li>\n<\/ul>\n","protected":false},"excerpt":{"rendered":"<p>Es una funda de piel marr\u00f3n con un dise\u00f1o que no destaca a simple vista, pero es muy bonito una vez te fijas en este. Tambi\u00e9n ofrece protecci\u00f3n a tu m\u00f3vil de los golpes y las ca\u00eddas.<\/p>\n","protected":false},"featured_media":3513,"comment_status":"closed","ping_status":"closed","template":"","meta":[],"_links":{"self":[{"href":"https:\/\/ondamatica.com\/wp\/wp-json\/wp\/v2\/product\/3512"}],"collection":[{"href":"https:\/\/ondamatica.com\/wp\/wp-json\/wp\/v2\/product"}],"about":[{"href":"https:\/\/ondamatica.com\/wp\/wp-json\/wp\/v2\/types\/product"}],"replies":[{"embeddable":true,"href":"https:\/\/ondamatica.com\/wp\/wp-json\/wp\/v2\/comments?post=3512"}],"wp:featuredmedia":[{"embeddable":true,"href":"https:\/\/ondamatica.com\/wp\/wp-json\/wp\/v2\/media\/3513"}],"wp:attachment":[{"href":"https:\/\/ondamatica.com\/wp\/wp-json\/wp\/v2\/media?parent=3512"}],"curies":[{"name":"wp","href":"https:\/\/api.w.org\/{rel}","templated":true}]}}