{"id":3493,"date":"2021-11-02T10:37:16","date_gmt":"2021-11-02T10:37:16","guid":{"rendered":"http:\/\/ondamatica.com\/?post_type=product&#038;p=3493"},"modified":"2022-05-17T09:04:53","modified_gmt":"2022-05-17T09:04:53","slug":"funda-compact-sleeve-woolenex-para-mcbook-pro-air-retina-13-2019-grafito","status":"publish","type":"product","link":"https:\/\/ondamatica.com\/wp\/producto\/funda-compact-sleeve-woolenex-para-mcbook-pro-air-retina-13-2019-grafito\/","title":{"rendered":"Funda Compact Sleeve Woolenex para McBook Pro\/Air Retina 13&#8243; 2019  Grafito"},"content":{"rendered":"<p>&nbsp;<\/p>\n<ul>\n<li><strong>Material de la capa exterior:<\/strong>\n<ul>\n<li>Poli\u00e9ster 300D y 600D (Repele la humedad, el moho y los productos qu\u00edmicos).<\/li>\n<li>Forro de piel sint\u00e9tica de felpa.<\/li>\n<\/ul>\n<\/li>\n<\/ul>\n<ul>\n<li><strong>Cremalleras de metal.<\/strong><\/li>\n<li><strong>Dimensiones:<\/strong> <em>13 in x 9,5 in x 0,5 in<\/em> (largo x ancho x alto)<\/li>\n<li><strong>Compatibilidad:<\/strong> MacBook Pro y MacBook Air de 13&#8243;<\/li>\n<\/ul>\n","protected":false},"excerpt":{"rendered":"<p>La funda <strong>Compact Sleeve<\/strong> tiene un dise\u00f1o sencillo y bonito, que adem\u00e1s de tener <strong>calidad<\/strong> tambi\u00e9n tiene <strong>utilidad<\/strong>, ya que en la parte delantera tiene un bolsillo donde podr\u00e1s guardar cualquier cosa.<\/p>\n<p>Adem\u00e1s de tener un buen dise\u00f1o, tambi\u00e9n proteger\u00e1 tu MacBook de las <strong>ca\u00eddas y los golpes<\/strong>, ya que esta ha sido creada con un acolchado de <strong>forro de piel sint\u00e9tica de felpa.<\/strong><\/p>\n","protected":false},"featured_media":3495,"comment_status":"closed","ping_status":"closed","template":"","meta":[],"_links":{"self":[{"href":"https:\/\/ondamatica.com\/wp\/wp-json\/wp\/v2\/product\/3493"}],"collection":[{"href":"https:\/\/ondamatica.com\/wp\/wp-json\/wp\/v2\/product"}],"about":[{"href":"https:\/\/ondamatica.com\/wp\/wp-json\/wp\/v2\/types\/product"}],"replies":[{"embeddable":true,"href":"https:\/\/ondamatica.com\/wp\/wp-json\/wp\/v2\/comments?post=3493"}],"wp:featuredmedia":[{"embeddable":true,"href":"https:\/\/ondamatica.com\/wp\/wp-json\/wp\/v2\/media\/3495"}],"wp:attachment":[{"href":"https:\/\/ondamatica.com\/wp\/wp-json\/wp\/v2\/media?parent=3493"}],"curies":[{"name":"wp","href":"https:\/\/api.w.org\/{rel}","templated":true}]}}