{"id":3256,"date":"2021-02-24T16:41:11","date_gmt":"2021-02-24T16:41:11","guid":{"rendered":"http:\/\/ondamatica.com\/?post_type=product&#038;p=3256"},"modified":"2021-02-24T16:48:58","modified_gmt":"2021-02-24T16:48:58","slug":"baselynx-base-de-carga-qi-negro","status":"publish","type":"product","link":"https:\/\/ondamatica.com\/wp\/producto\/baselynx-base-de-carga-qi-negro\/","title":{"rendered":"BaseLynx  base de carga Qi negro"},"content":{"rendered":"<h4><strong>SOPORTE QI DE CARGA INAL\u00c1MBRICA<\/strong><\/h4>\n<p>BaseLynx es un soporte de carga r\u00e1pida inal\u00e1mbrica que cumple el est\u00e1ndar Qi, aceptado por la mayor\u00eda de fabricantes y por supuesto Apple, que permite la carga inal\u00e1mbrica de dispositivos.<\/p>\n<p>Para cargar su iPhone, iPad o el estuche de los AirPods simplemente col\u00f3quelos en la superficie del soporte BaseLynx para comenzar a cargar. El soporte es capaz de cargar r\u00e1pidamente tanto iPhone como otros smartphones habilitados para Qi de hasta 10 W.<\/p>\n<h4><strong>SE ADAPTA A TUS NECESIDADES<\/strong><\/h4>\n<p>BaseLynx se puede usar solo o enlazado con otros m\u00f3dulos en el sistema.\u00a0 Gracias su flexibilidad podr\u00e1 a\u00f1adir, eliminar y reorganizar elementos para satisfacer sus\u00a0necesidades futuras.<\/p>\n","protected":false},"excerpt":{"rendered":"<p>Carga de forma r\u00e1pida y segura Apple iPhone y Smartphones con capacidad Qi<\/p>\n","protected":false},"featured_media":3257,"comment_status":"closed","ping_status":"closed","template":"","meta":[],"_links":{"self":[{"href":"https:\/\/ondamatica.com\/wp\/wp-json\/wp\/v2\/product\/3256"}],"collection":[{"href":"https:\/\/ondamatica.com\/wp\/wp-json\/wp\/v2\/product"}],"about":[{"href":"https:\/\/ondamatica.com\/wp\/wp-json\/wp\/v2\/types\/product"}],"replies":[{"embeddable":true,"href":"https:\/\/ondamatica.com\/wp\/wp-json\/wp\/v2\/comments?post=3256"}],"wp:featuredmedia":[{"embeddable":true,"href":"https:\/\/ondamatica.com\/wp\/wp-json\/wp\/v2\/media\/3257"}],"wp:attachment":[{"href":"https:\/\/ondamatica.com\/wp\/wp-json\/wp\/v2\/media?parent=3256"}],"curies":[{"name":"wp","href":"https:\/\/api.w.org\/{rel}","templated":true}]}}