{"id":2185,"date":"2018-05-08T13:41:27","date_gmt":"2018-05-08T13:41:27","guid":{"rendered":"http:\/\/ondamatica.com\/wp\/?product=import-placeholder-for-165"},"modified":"2018-08-08T08:01:14","modified_gmt":"2018-08-08T08:01:14","slug":"adaptador-de-usb-c-silver-a-minidsiplay-port","status":"publish","type":"product","link":"https:\/\/ondamatica.com\/wp\/producto\/adaptador-de-usb-c-silver-a-minidsiplay-port\/","title":{"rendered":"Adaptador de USB-C Silver a MiniDsiplay port"},"content":{"rendered":"<p><span style=\"color:#9b9b9b;\">Comparte tus fotos en una pantalla grande con tus amigos. Reproduzca una pel\u00edcula en su Mac y visual\u00edcela en alta definici\u00f3n con soporte de audio completo en su HDTV. Simplemente conecte su computadora equipada con USB-C con este adaptador a cualquier monitor, HDTV, proyectores, etc. con una interfaz DisplayPort. <\/span><\/p>\n<p><span style=\"color:#9b9b9b;\">USB-C (usando el bus USB 3.1) al adaptador Mini-DisplayPort (Mini-DP) para conectar monitores externos, beamers, televisores, etc. Compatible con todos los Mac o PC con puerto USB-C. Transmite se\u00f1ales de audio y video con soporte flexible para USB 5G y DisplayPort 1.2 (DP Altmode). Admite DisplayPort 1.2 y est\u00e1ndares anteriores (hasta UHD 4K), 5.4 Gbps (HBR2), 2.7 Gbps (HBR) y 1.62 Gb (RBR) de ancho de banda por carril, m\u00faltiples formatos de color (RGB 6\/8\/10\/12-bit, YCbCr4 : 4: 4, YCbCr4: 2: 2, 8\/10\/12 bpc).<\/span><\/p>\n","protected":false},"excerpt":{"rendered":"<p><span style=\"color:#9b9b9b;\">Cuando lo antiguo tambi\u00e9n cuenta<\/span><\/p>\n","protected":false},"featured_media":99,"comment_status":"closed","ping_status":"closed","template":"","meta":[],"_links":{"self":[{"href":"https:\/\/ondamatica.com\/wp\/wp-json\/wp\/v2\/product\/2185"}],"collection":[{"href":"https:\/\/ondamatica.com\/wp\/wp-json\/wp\/v2\/product"}],"about":[{"href":"https:\/\/ondamatica.com\/wp\/wp-json\/wp\/v2\/types\/product"}],"replies":[{"embeddable":true,"href":"https:\/\/ondamatica.com\/wp\/wp-json\/wp\/v2\/comments?post=2185"}],"wp:featuredmedia":[{"embeddable":true,"href":"https:\/\/ondamatica.com\/wp\/wp-json\/wp\/v2\/media\/99"}],"wp:attachment":[{"href":"https:\/\/ondamatica.com\/wp\/wp-json\/wp\/v2\/media?parent=2185"}],"curies":[{"name":"wp","href":"https:\/\/api.w.org\/{rel}","templated":true}]}}