{"id":2165,"date":"2018-05-08T13:41:10","date_gmt":"2018-05-08T13:41:10","guid":{"rendered":"http:\/\/ondamatica.com\/wp\/?product=import-placeholder-for-131"},"modified":"2018-08-08T10:21:14","modified_gmt":"2018-08-08T10:21:14","slug":"interface-para-guitarra-irig-2","status":"publish","type":"product","link":"https:\/\/ondamatica.com\/wp\/producto\/interface-para-guitarra-irig-2\/","title":{"rendered":"Interface para guitarra IRIG 2"},"content":{"rendered":"<p style=\"margin:10px 0px 15px;padding:0px;color:#444444;font-family:Arial, Helvetica, sans-serif;font-size:14px;\"><span style=\"color:#9b9b9b;\">\u00bfC\u00f3mo mejoras en algo tan revolucionario que cambi\u00f3 el mundo?\u00a0<strong>iRig 2<\/strong>\u00a0es la respuesta.<\/span><\/p>\n<p style=\"margin:10px 0px 15px;padding:0px;color:#444444;font-family:Arial, Helvetica, sans-serif;font-size:14px;\"><span style=\"color:#9b9b9b;\">En 2010, por primera vez en la historia, el iRig original permit\u00eda a guitarristas y bajistas conectarse a su iPhone y utilizar su dispositivo m\u00f3vil para tocar, practicar y grabar con aplicaciones como AmpliTube de IK, GrageBand de Apple y miles m\u00e1s.<\/span><\/p>\n<p style=\"margin:10px 0px 15px;padding:0px;color:#444444;font-family:Arial, Helvetica, sans-serif;font-size:14px;\"><span style=\"color:#9b9b9b;\">iRig 2 se basa en el \u00e9xito de su predecesor introduciendo nuevas caracter\u00edsticas esenciales como ganancia de entrada ajustable, compatibilidad entre plataformas y una salida para amplificador de 1\/4\u201d que, una vez m\u00e1s, revolucionar\u00e1 tu forma de hacer m\u00fasica en la marcha.<\/span><\/p>\n<p style=\"margin:10px 0px 15px;padding:0px;color:#444444;font-family:Arial, Helvetica, sans-serif;font-size:14px;\"><span style=\"color:#9b9b9b;\">Ahora todo el mundo puede conectar su guitarra, bajo u otro instrumento, y disfrutar de un tono devastador en sus dispositivos iPhone, iPad, iPod touch, Mac o Android complatibles con Samsung Professional Audio con el lanzamiento de iRig 2, la interfaz de guitarra m\u00e1s popular del mundo est\u00e1 mejor que nunca.<\/span><\/p>\n<h4 style=\"margin:0px 0px 10px;padding:0px;font-size:18px;line-height:21.6px;font-family:Arial, Helvetica, sans-serif;color:#50555a;\"><span style=\"color:#9b9b9b;\">La simplicidad de conectar y tocar (Plug and play) en todos los dispositivos<\/span><\/h4>\n<p style=\"margin:10px 0px 15px;padding:0px;color:#444444;font-family:Arial, Helvetica, sans-serif;font-size:14px;\"><span style=\"color:#9b9b9b;\">Si te gust\u00f3 la versatilidad de iRig, te encantar\u00e1 el nuevo control de ganancia ajustable de iRig 2 que funciona con su conector de salida TRRS de 1\/8\u201d incorporado para darte una verdadera experiencia de conectar y tocar (plug and play) con tu iPhone, iPad, iPod touch, Mac o dispositivos Android complatibles con Samsung Professional Audio.<\/span><\/p>\n<p style=\"margin:10px 0px 15px;padding:0px;color:#444444;font-family:Arial, Helvetica, sans-serif;font-size:14px;\"><span style=\"color:#9b9b9b;\">Los niveles de volumen var\u00edan de un instrumento a otro y de un dispositivo a otro. Mientras iRig original proporcionaba un sonido superior, era limitado porque no te permit\u00eda modificar el nivel de entrada a una configuraci\u00f3n en particular. Con iRig 2 tienes un control de ganancia de entrada que te da el poder de asegurar un sonido de alta calidad en cualquier situaci\u00f3n. Esto significa que ser\u00e1s capaz de tocar al m\u00e1ximo sin importar si est\u00e1s conectando una guitarra el\u00e9ctrica de 3 pastillas a tu Samsung Galaxy Note 4 o una guitarra electroac\u00fastica archtop jazzera a tu iPhone. Asimismo, su entrada de 1\/4&#8243; para instrumento funciona con tu guitarra, bajo o cualquier instrumento que tenga nivel de l\u00ednea. S\u00f3lo con\u00e9ctate como lo har\u00edas en un pedal o amplificador. Es tan simple como eso.<\/span><\/p>\n<h4 class=\"mt30\" style=\"margin:30px 0px 10px;padding:0px;font-size:18px;line-height:21.6px;font-family:Arial, Helvetica, sans-serif;color:#50555a;\"><span style=\"color:#9b9b9b;\">La navaja suiza del sonido<\/span><\/h4>\n<p style=\"margin:10px 0px 15px;padding:0px;color:#444444;font-family:Arial, Helvetica, sans-serif;font-size:14px;\"><span style=\"color:#9b9b9b;\">\u00bfQuieres llevarla al escenario? El nuevo conector de salida de jack de 1\/4\u201d te permite utilizar iRig 2 con un amplificador como parte de tu equipo de sonido en vivo sin necesidad de usar un adaptador.<\/span><\/p>\n<p style=\"margin:10px 0px 15px;padding:0px;color:#444444;font-family:Arial, Helvetica, sans-serif;font-size:14px;\"><span style=\"color:#9b9b9b;\">Abre todo un mundo de oportunidades cuando se combina con\u00a0<a href=\"http:\/\/www.ikmultimedia.com\/amplitube\" style=\"color:#cc0000;\"><span style=\"color:#9b9b9b;\">AmpliTube for iOS<\/span><\/a>\u00a0y\u00a0<a href=\"http:\/\/www.ikmultimedia.com\/products\/amplitubesapa\" style=\"color:#cc0000;\"><span style=\"color:#9b9b9b;\">AmpliTube for Samsung Pro Audio<\/span><\/a>, el potente procesador multiefectos de guitarra y bajo de IK. Este te proporciona una amplia biblioteca de pedales de efectos virtuales meticulosamente modelados, amplificadores y otros equipos que puedes utilizar como parte de tu equipamiento f\u00edsico cuando est\u00e1s tocando con amigos, en una sesi\u00f3n de pr\u00e1ctica, en el estudio de grabaci\u00f3n o tocando en vivo. O, si quieres ser discreto, conecta tus auriculares en la salida de auriculares de 1\/8\u201d incluida.<\/span><\/p>\n<p style=\"margin:10px 0px 15px;padding:0px;color:#444444;font-family:Arial, Helvetica, sans-serif;font-size:14px;\"><span style=\"color:#9b9b9b;\">A\u00fan mejor es que iRig 2 cuenta con un interruptor que te permite seleccionar entre una se\u00f1al de entrada procesada y una se\u00f1al de entrada limpia (thru). Esto significa que tambi\u00e9n puedes utilizar tu dispositivo m\u00f3vil como afinador, grabadora u otra herramienta preservando la pureza de un flujo de se\u00f1al 100% anal\u00f3gico.<\/span><\/p>\n<p style=\"margin:10px 0px 15px;padding:0px;color:#444444;font-family:Arial, Helvetica, sans-serif;font-size:14px;\"><span style=\"color:#9b9b9b;\">iRig 2 est\u00e1 all\u00ed para ayudarte a hacer tus sesiones de pr\u00e1ctica y presentaciones tan f\u00e1ciles como sea posible. Viene con una montura de soporte de micr\u00f3fono y tiras de velcro que te permiten pegarla f\u00e1cilmente a otras herramientas convenientes como la gama de soportes de micr\u00f3fono de iKlip de IK para tel\u00e9fonos inteligentes y tabletas de todos los tama\u00f1os.<\/span><\/p>\n<h4 style=\"margin:0px 0px 10px;padding:0px;font-size:18px;line-height:21.6px;font-family:Arial, Helvetica, sans-serif;color:#50555a;\"><span style=\"color:#9b9b9b;\">Caracter\u00edsticas<\/span><\/h4>\n<ul class=\"list_mobile\" style=\"margin:10px 0px;padding:0px 0px 0px 1.5em;color:#444444;font-family:Arial, Helvetica, sans-serif;font-size:14px;\">\n<li style=\"margin:0px;padding:0px;\"><span style=\"color:#9b9b9b;\">La secuela de la interfaz iRig m\u00e1s vendida<\/span><\/li>\n<li style=\"margin:0px;padding:0px;\"><span style=\"color:#9b9b9b;\">Entrada de instrumento de 1\/4&#8243; para usar con la guitarra, el bajo y otros instrumentos.<\/span><\/li>\n<li style=\"margin:0px;padding:0px;\"><span style=\"color:#9b9b9b;\">Salida de amplificador de 1\/4\u201c para usar con un amplificador externo sin un adaptador.<\/span><\/li>\n<li style=\"margin:0px;padding:0px;\"><span style=\"color:#9b9b9b;\">Salida 1\/8&#8243; TRRS para usar con iPhone, iPad, iPod touch, Mac y Android.<\/span><\/li>\n<li style=\"margin:0px;padding:0px;\"><span style=\"color:#9b9b9b;\">Salida de auriculares de 1\/8&#8243;.<\/span><\/li>\n<li style=\"margin:0px;padding:0px;\"><span style=\"color:#9b9b9b;\">Dise\u00f1o compacto y liviano.<\/span><\/li>\n<li style=\"margin:0px;padding:0px;\"><span style=\"color:#9b9b9b;\">Interruptor de modo dual seleccionable: FX y LIMPIO (THRU).<\/span><\/li>\n<li style=\"margin:0px;padding:0px;\"><span style=\"color:#9b9b9b;\">Rueda de ganancia de entrada para facilitar el control de la se\u00f1al.<\/span><\/li>\n<li style=\"margin:0px;padding:0px;\"><span style=\"color:#9b9b9b;\">Incluye soporte de micr\u00f3fono de tira de velcro.<\/span><\/li>\n<li style=\"margin:0px;padding:0px;\"><span style=\"color:#9b9b9b;\">Viene con\u00a0<a href=\"http:\/\/www.ikmultimedia.com\/amplitube\" style=\"color:#cc0000;\"><span style=\"color:#9b9b9b;\">AmpliTube FREE para iOS<\/span><\/a>\u00a0y\u00a0<a href=\"http:\/\/www.ikmultimedia.com\/products\/amplitubesapa\" style=\"color:#cc0000;\"><span style=\"color:#9b9b9b;\">AmpliTube FREE for Samsung Pro Audio<\/span><\/a>\u00a0y una suite completa de potentes aplicaciones de IK y software.<\/span><\/li>\n<\/ul>\n<p style=\"margin:10px 0px 15px;padding:0px;color:#444444;font-family:Arial, Helvetica, sans-serif;font-size:14px;\">\n","protected":false},"excerpt":{"rendered":"<p><span style=\"color:#9b9b9b;\">La interfaz para guitarra m\u00e1s popular de todos los tiempos mejorada<\/span><\/p>\n","protected":false},"featured_media":387,"comment_status":"closed","ping_status":"closed","template":"","meta":[],"_links":{"self":[{"href":"https:\/\/ondamatica.com\/wp\/wp-json\/wp\/v2\/product\/2165"}],"collection":[{"href":"https:\/\/ondamatica.com\/wp\/wp-json\/wp\/v2\/product"}],"about":[{"href":"https:\/\/ondamatica.com\/wp\/wp-json\/wp\/v2\/types\/product"}],"replies":[{"embeddable":true,"href":"https:\/\/ondamatica.com\/wp\/wp-json\/wp\/v2\/comments?post=2165"}],"wp:featuredmedia":[{"embeddable":true,"href":"https:\/\/ondamatica.com\/wp\/wp-json\/wp\/v2\/media\/387"}],"wp:attachment":[{"href":"https:\/\/ondamatica.com\/wp\/wp-json\/wp\/v2\/media?parent=2165"}],"curies":[{"name":"wp","href":"https:\/\/api.w.org\/{rel}","templated":true}]}}